{"id":585,"date":"2018-09-11T08:21:23","date_gmt":"2018-09-11T06:21:23","guid":{"rendered":"https:\/\/www.bastero.eus\/?page_id=585"},"modified":"2026-01-07T10:04:53","modified_gmt":"2026-01-07T09:04:53","slug":"socios","status":"publish","type":"page","link":"https:\/\/www.bastero.eus\/es\/socios\/","title":{"rendered":"Socios\/as"},"content":{"rendered":"<p>[et_pb_section fb_built=\u00bb1&#8243; module_class=\u00bbkabezera\u00bb _builder_version=\u00bb4.16&#8243; background_image=\u00bbhttps:\/\/www.bastero.eus\/wp-content\/uploads\/2021\/03\/Mesa-de-trabajo-138-min-scaled.jpg\u00bb global_colors_info=\u00bb{}\u00bb][et_pb_row _builder_version=\u00bb4.27.4&#8243; background_enable_image=\u00bboff\u00bb background_size=\u00bbinitial\u00bb background_position=\u00bbtop_left\u00bb background_repeat=\u00bbrepeat\u00bb global_colors_info=\u00bb{}\u00bb][et_pb_column type=\u00bb4_4&#8243; _builder_version=\u00bb4.16&#8243; custom_padding=\u00bb|||\u00bb global_colors_info=\u00bb{}\u00bb custom_padding__hover=\u00bb|||\u00bb][\/et_pb_column][\/et_pb_row][\/et_pb_section][et_pb_section fb_built=\u00bb1&#8243; _builder_version=\u00bb4.16&#8243; custom_padding=\u00bb0px||0px|\u00bb global_colors_info=\u00bb{}\u00bb][et_pb_row _builder_version=\u00bb4.27.4&#8243; background_enable_image=\u00bboff\u00bb global_colors_info=\u00bb{}\u00bb][et_pb_column type=\u00bb4_4&#8243; _builder_version=\u00bb4.16&#8243; custom_padding=\u00bb|||\u00bb global_colors_info=\u00bb{}\u00bb custom_padding__hover=\u00bb|||\u00bb][et_pb_text admin_label=\u00bbSocios\u00bb _builder_version=\u00bb4.16&#8243; global_colors_info=\u00bb{}\u00bb]<\/p>\n<h1>Socios\/as<\/h1>\n<p>[\/et_pb_text][\/et_pb_column][\/et_pb_row][\/et_pb_section][et_pb_section fb_built=\u00bb1&#8243; _builder_version=\u00bb4.16&#8243; custom_margin=\u00bb0px|||\u00bb custom_padding=\u00bb0px|||\u00bb global_colors_info=\u00bb{}\u00bb][et_pb_row column_structure=\u00bb2_3,1_3&#8243; _builder_version=\u00bb4.27.4&#8243; background_enable_image=\u00bboff\u00bb background_size=\u00bbinitial\u00bb background_position=\u00bbtop_left\u00bb background_repeat=\u00bbrepeat\u00bb custom_padding=\u00bb|2px||||\u00bb global_colors_info=\u00bb{}\u00bb][et_pb_column type=\u00bb2_3&#8243; _builder_version=\u00bb4.16&#8243; custom_padding=\u00bb|||\u00bb global_colors_info=\u00bb{}\u00bb custom_padding__hover=\u00bb|||\u00bb][et_pb_text _builder_version=\u00bb4.27.5&#8243; global_colors_info=\u00bb{}\u00bb]<\/p>\n<p>Los socios y socias constituyen el p\u00fablico m\u00e1s fiel de Bastero Kulturgunea. Son aficionados a los espect\u00e1culos culturales y cada a\u00f1o van aumentando en n\u00famero.<\/p>\n<p>[\/et_pb_text][et_pb_text admin_label=\u00bbAbantailak\u00bb module_class=\u00bbabaintalak\u00bb _builder_version=\u00bb4.27.5&#8243; global_colors_info=\u00bb{}\u00bb]<\/p>\n<p>A cambio de una cuota anual consiguen numerosas ventajas, que son las siguientes:<\/p>\n<ul>\n<li>Descuento del <strong>25%<\/strong> en todos los espect\u00e1culos organizados por el departamento de Cultura del Ayuntamiento.<\/li>\n<li><strong>Desde enero hasta diciembre<\/strong>, cada socio\/a tendr\u00e1 <strong>dos entradas gratis<\/strong> para los <strong>espect\u00e1culos\u00a0<\/strong>que elija y otras dos entradas gratis para el cine. *<\/li>\n<li>Cuando reciba el folleto con la programaci\u00f3n cultural organizada por el departamento de Cultura del Ayuntamiento, tendr\u00e1 un plazo para realizar las <strong>reservas<\/strong> para todos los espect\u00e1culos que figuran en el mismo.<\/li>\n<li>Se har\u00e1n <strong>sorteos<\/strong> de entradas gratuitas a los espect\u00e1culos exclusivamente para socios\/as.<\/li>\n<li>Descuento de un 5% en libros si se compran en la <strong>librer\u00eda ERNAITZA<\/strong> y en la <strong>librer\u00eda STOP<\/strong> de Andoain<\/li>\n<li><strong>Descuento del 5%<\/strong> en las publicaciones editadas por el departamento de Cultura del Ayuntamiento.<\/li>\n<li>\n<div><strong>10% de descuento<\/strong> en los talleres, cursos o formaciones que pueda organizar el departamento de Cultura del Ayuntamiento<\/div>\n<\/li>\n<li>\n<div><strong>Descuento del 50%<\/strong> en las entradas para visitar la <strong>cueva de ARRIKRUTZ<\/strong> en O\u00f1ati. Posibilidad de visitar en familia o en grupo los hallazgos paleontol\u00f3gicos del lugar.<\/div>\n<\/li>\n<li>Descuento del <strong>50%<\/strong> en las entradas del <b>CASER\u00cdO MUSEO IGARTUBEITI, MUSEO ZUMALAKARREGI <\/b>y<b> MUSEO MAR\u00cdTIMO VASCO.<\/b><\/li>\n<li>\n<div>Recibir\u00e1 por e-mail el bolet\u00edn informativo sobre las actividades organizadas por el Departamento de Cultura del Ayuntamiento.<\/div>\n<div>\u00a0<\/div>\n<\/li>\n<\/ul>\n<p class=\"abaintailak-nota\">* No se pueden utilizar las dos entradas para el mismo espect\u00e1culo, y las entradas de cine gratuitas s\u00f3lo son v\u00e1lidas para las sesiones de los lunes.<\/p>\n<p>[\/et_pb_text][\/et_pb_column][et_pb_column type=\u00bb1_3&#8243; _builder_version=\u00bb4.16&#8243; custom_padding=\u00bb|||\u00bb global_colors_info=\u00bb{}\u00bb custom_padding__hover=\u00bb|||\u00bb][et_pb_image src=\u00bbhttps:\/\/www.bastero.eus\/wp-content\/uploads\/2018\/02\/bazkideak.jpg\u00bb align_tablet=\u00bbcenter\u00bb align_phone=\u00bb\u00bb align_last_edited=\u00bbon|desktop\u00bb _builder_version=\u00bb4.16&#8243; custom_margin=\u00bb||40px|\u00bb always_center_on_mobile=\u00bbon\u00bb global_colors_info=\u00bb{}\u00bb][\/et_pb_image][et_pb_text admin_label=\u00bbBazkide egiteko moduak\u00bb _builder_version=\u00bb4.27.5&#8243; hover_enabled=\u00bb0&#8243; global_colors_info=\u00bb{}\u00bb sticky_enabled=\u00bb0&#8243;]<\/p>\n<h2><strong>Formas de hacerse socio\/a:<\/strong><\/h2>\n<ul>\n<li><a href=\"https:\/\/www.bastero.eus\/es\/socios\/solicitud-de-alta-de-socio\/\" data-wplink-edit=\"true\">Realizar la solicitud online<\/a><\/li>\n<li>Rellena la<a href=\"https:\/\/www.bastero.eus\/wp-content\/uploads\/2024\/12\/E803.1-BasterokoBazkideAlta_bie_2025-2.pdf\">\u00a0hoja de solicitud<\/a> y reg\u00edstrala en Ataria o <a href=\"https:\/\/udal.egoitza.gipuzkoa.eus\/WAS\/AYTO\/USCServicioCiudadanoVer15WEB\/segundaPag.do\">servicios telem\u00e1ticos<\/a>.<\/li>\n<\/ul>\n<p>[\/et_pb_text][et_pb_text admin_label=\u00bbBazkidetza prezioa\u00bb _builder_version=\u00bb4.27.5&#8243; z_index_tablet=\u00bb500&#8243; text_text_shadow_horizontal_length_tablet=\u00bb0px\u00bb text_text_shadow_vertical_length_tablet=\u00bb0px\u00bb text_text_shadow_blur_strength_tablet=\u00bb1px\u00bb link_text_shadow_horizontal_length_tablet=\u00bb0px\u00bb link_text_shadow_vertical_length_tablet=\u00bb0px\u00bb link_text_shadow_blur_strength_tablet=\u00bb1px\u00bb ul_text_shadow_horizontal_length_tablet=\u00bb0px\u00bb ul_text_shadow_vertical_length_tablet=\u00bb0px\u00bb ul_text_shadow_blur_strength_tablet=\u00bb1px\u00bb ol_text_shadow_horizontal_length_tablet=\u00bb0px\u00bb ol_text_shadow_vertical_length_tablet=\u00bb0px\u00bb ol_text_shadow_blur_strength_tablet=\u00bb1px\u00bb quote_text_shadow_horizontal_length_tablet=\u00bb0px\u00bb quote_text_shadow_vertical_length_tablet=\u00bb0px\u00bb quote_text_shadow_blur_strength_tablet=\u00bb1px\u00bb header_text_shadow_horizontal_length_tablet=\u00bb0px\u00bb header_text_shadow_vertical_length_tablet=\u00bb0px\u00bb header_text_shadow_blur_strength_tablet=\u00bb1px\u00bb header_2_text_shadow_horizontal_length_tablet=\u00bb0px\u00bb header_2_text_shadow_vertical_length_tablet=\u00bb0px\u00bb header_2_text_shadow_blur_strength_tablet=\u00bb1px\u00bb header_3_text_shadow_horizontal_length_tablet=\u00bb0px\u00bb header_3_text_shadow_vertical_length_tablet=\u00bb0px\u00bb header_3_text_shadow_blur_strength_tablet=\u00bb1px\u00bb header_4_text_shadow_horizontal_length_tablet=\u00bb0px\u00bb header_4_text_shadow_vertical_length_tablet=\u00bb0px\u00bb header_4_text_shadow_blur_strength_tablet=\u00bb1px\u00bb header_5_text_shadow_horizontal_length_tablet=\u00bb0px\u00bb header_5_text_shadow_vertical_length_tablet=\u00bb0px\u00bb header_5_text_shadow_blur_strength_tablet=\u00bb1px\u00bb header_6_text_shadow_horizontal_length_tablet=\u00bb0px\u00bb header_6_text_shadow_vertical_length_tablet=\u00bb0px\u00bb header_6_text_shadow_blur_strength_tablet=\u00bb1px\u00bb box_shadow_horizontal_tablet=\u00bb0px\u00bb box_shadow_vertical_tablet=\u00bb0px\u00bb box_shadow_blur_tablet=\u00bb40px\u00bb box_shadow_spread_tablet=\u00bb0px\u00bb global_colors_info=\u00bb{}\u00bb]<\/p>\n<h2>Cuota anual del 2026: 41\u20ac<\/h2>\n<p>[\/et_pb_text][\/et_pb_column][\/et_pb_row][et_pb_row disabled_on=\u00bbon|on|on\u00bb module_class=\u00bbzozketak\u00bb _builder_version=\u00bb4.16&#8243; disabled=\u00bbon\u00bb global_colors_info=\u00bb{}\u00bb][et_pb_column type=\u00bb4_4&#8243; _builder_version=\u00bb4.16&#8243; custom_padding=\u00bb|||\u00bb global_colors_info=\u00bb{}\u00bb custom_padding__hover=\u00bb|||\u00bb][et_pb_text admin_label=\u00bbZozketak\u00bb _builder_version=\u00bb4.16&#8243; background_layout=\u00bbdark\u00bb global_colors_info=\u00bb{}\u00bb]<\/p>\n<h2><strong>Zozketak<\/strong><\/h2>\n<p>Lorem ipsum dolor sit amet, consectetur adipiscing elit. Proin pulvinar mollis felis sit amet tempus. Phasellus tincidunt turpis convallis libero laoreet tempor. Ut in nibh neque.<\/p>\n\n<div class=\"wpcf7 no-js\" id=\"wpcf7-f258-o1\" lang=\"eu\" dir=\"ltr\" data-wpcf7-id=\"258\">\n<div class=\"screen-reader-response\"><p role=\"status\" aria-live=\"polite\" aria-atomic=\"true\"><\/p> <ul><\/ul><\/div>\n<form action=\"\/es\/wp-json\/wp\/v2\/pages\/585#wpcf7-f258-o1\" method=\"post\" class=\"wpcf7-form init\" aria-label=\"Formulario de contacto\" novalidate=\"novalidate\" data-status=\"init\">\n<fieldset class=\"hidden-fields-container\"><input type=\"hidden\" name=\"_wpcf7\" value=\"258\" \/><input type=\"hidden\" name=\"_wpcf7_version\" value=\"6.1.4\" \/><input type=\"hidden\" name=\"_wpcf7_locale\" value=\"eu\" \/><input type=\"hidden\" name=\"_wpcf7_unit_tag\" value=\"wpcf7-f258-o1\" \/><input type=\"hidden\" name=\"_wpcf7_container_post\" value=\"0\" \/><input type=\"hidden\" name=\"_wpcf7_posted_data_hash\" value=\"\" \/><input type=\"hidden\" name=\"_wpcf7_recaptcha_response\" value=\"\" \/>\n<\/fieldset>\n<p><span class=\"wpcf7-form-control-wrap\" data-name=\"izena\"><input size=\"40\" maxlength=\"400\" class=\"wpcf7-form-control wpcf7-text wpcf7-validates-as-required ancho\" aria-required=\"true\" aria-invalid=\"false\" value=\"Izena\" type=\"text\" name=\"izena\" \/><\/span><span class=\"wpcf7-form-control-wrap\" data-name=\"zenbakia\"><input size=\"40\" maxlength=\"400\" class=\"wpcf7-form-control wpcf7-text wpcf7-validates-as-required estrecho\" aria-required=\"true\" aria-invalid=\"false\" value=\"Bazkide zenbakia\" type=\"text\" name=\"zenbakia\" \/><\/span><span class=\"wpcf7-form-control-wrap\" data-name=\"your-email\"><input size=\"40\" maxlength=\"400\" class=\"wpcf7-form-control wpcf7-email wpcf7-validates-as-required wpcf7-text wpcf7-validates-as-email ancho\" aria-required=\"true\" aria-invalid=\"false\" value=\"Emaila\" type=\"email\" name=\"your-email\" \/><\/span><input class=\"wpcf7-form-control wpcf7-submit has-spinner\" type=\"submit\" value=\"Bidali\" \/>\n<\/p><div class=\"wpcf7-response-output\" aria-hidden=\"true\"><\/div>\n<\/form>\n<\/div>\n\n<p>[\/et_pb_text][\/et_pb_column][\/et_pb_row][\/et_pb_section][et_pb_section fb_built=\u00bb1&#8243; _builder_version=\u00bb3.22&#8243; custom_margin=\u00bb0px||0px|\u00bb custom_padding=\u00bb0px||0px|\u00bb global_module=\u00bb4507&#8243; saved_tabs=\u00bball\u00bb locked=\u00bboff\u00bb global_colors_info=\u00bb{}\u00bb][et_pb_row column_structure=\u00bb1_4,1_4,1_4,1_4&#8243; use_custom_gutter=\u00bbon\u00bb gutter_width=\u00bb1&#8243; make_equal=\u00bbon\u00bb module_class=\u00bbdestakatuak et_pb_row_fullwidth\u00bb _builder_version=\u00bb4.16&#8243; width=\u00bb100%\u00bb width_tablet=\u00bb100%\u00bb width_phone=\u00bb\u00bb width_last_edited=\u00bbon|desktop\u00bb max_width=\u00bb100%\u00bb max_width_tablet=\u00bb100%\u00bb max_width_phone=\u00bb\u00bb max_width_last_edited=\u00bbon|desktop\u00bb custom_margin=\u00bb2px|2px|2px|2px|false|false\u00bb custom_padding=\u00bb0px||0px|\u00bb make_fullwidth=\u00bbon\u00bb global_colors_info=\u00bb{}\u00bb][et_pb_column type=\u00bb1_4&#8243; module_class=\u00bbagenda\u00bb _builder_version=\u00bb4.16&#8243; custom_padding=\u00bb|||\u00bb global_colors_info=\u00bb{}\u00bb custom_padding__hover=\u00bb|||\u00bb][et_pb_code _builder_version=\u00bb4.16&#8243; global_colors_info=\u00bb{}\u00bb]<a href=\"https:\/\/www.bastero.eus\/es\/boletin\/\"><!-- [et_pb_line_break_holder] --> <\/p>\n<h3>BOLETIN<!\u2013- [et_pb_br_holder] -\u2013><!-- [et_pb_line_break_holder] -->ELECTR\u00d3NICO<\/h3>\n<p><!-- [et_pb_line_break_holder] --><pee>La programaci\u00f3n mensual<!\u2013- [et_pb_br_holder] -\u2013><!-- [et_pb_line_break_holder] -->en tu buz\u00f3n<\/pee><!-- [et_pb_line_break_holder] --><\/a>[\/et_pb_code][\/et_pb_column][et_pb_column type=\u00bb1_4&#8243; module_class=\u00bbbazkide\u00bb _builder_version=\u00bb4.16&#8243; custom_padding=\u00bb|||\u00bb global_colors_info=\u00bb{}\u00bb custom_padding__hover=\u00bb|||\u00bb][et_pb_code _builder_version=\u00bb4.16&#8243; global_colors_info=\u00bb{}\u00bb]<a href=\"https:\/\/www.bastero.eus\/es\/socios\/\"><!-- [et_pb_line_break_holder] --><\/p>\n<h3>HAZTE<!\u2013- [et_pb_br_holder] -\u2013>SOCIO<\/h3>\n<p><!-- [et_pb_line_break_holder] --><pee>Disfruta de <!\u2013- [et_pb_br_holder] -\u2013>ventajas y sorteos.<\/pee><!-- [et_pb_line_break_holder] --><\/a>[\/et_pb_code][\/et_pb_column][et_pb_column type=\u00bb1_4&#8243; module_class=\u00bbaretoak\u00bb _builder_version=\u00bb4.16&#8243; custom_padding=\u00bb|||\u00bb global_colors_info=\u00bb{}\u00bb custom_padding__hover=\u00bb|||\u00bb][et_pb_code _builder_version=\u00bb4.16&#8243; global_colors_info=\u00bb{}\u00bb]<a href=\"https:\/\/www.bastero.eus\/es\/sobre-centro\/\"><!-- [et_pb_line_break_holder] --><\/p>\n<h3>ALQUILER DE<!\u2013- [et_pb_br_holder] -\u2013>ESPACIOS<\/h3>\n<p><!-- [et_pb_line_break_holder] --><pee>Sala de distintos tama\u00f1os<!\u2013- [et_pb_br_holder] -\u2013>y precios<\/pee><!-- [et_pb_line_break_holder] --><\/a>[\/et_pb_code][\/et_pb_column][et_pb_column type=\u00bb1_4&#8243; module_class=\u00bbiruzkina\u00bb _builder_version=\u00bb4.16&#8243; custom_padding=\u00bb|||\u00bb global_colors_info=\u00bb{}\u00bb custom_padding__hover=\u00bb|||\u00bb][et_pb_code _builder_version=\u00bb4.16&#8243; global_colors_info=\u00bb{}\u00bb]<a href=\"https:\/\/www.bastero.eus\/es\/contacto\/\"><!-- [et_pb_line_break_holder] --><\/p>\n<h3>ENV\u00cdANOS TU<!\u2013- [et_pb_br_holder] -\u2013>OPINI\u00d3N<\/h3>\n<p><!-- [et_pb_line_break_holder] --><pee>Mejoremos Bastero con<!\u2013- [et_pb_br_holder] -\u2013>las aportaciones de todos<\/pee><!-- [et_pb_line_break_holder] --><\/a>[\/et_pb_code][\/et_pb_column][\/et_pb_row][\/et_pb_section]<\/p>\n","protected":false},"excerpt":{"rendered":"<p>Socios\/as Los socios y socias constituyen el p\u00fablico m\u00e1s fiel de Bastero Kulturgunea. Son aficionados a los espect\u00e1culos culturales y cada a\u00f1o van aumentando en n\u00famero.A cambio de una cuota anual consiguen numerosas ventajas, que son las siguientes: Descuento del 25% en todos los espect\u00e1culos organizados por el departamento de Cultura del Ayuntamiento. Desde enero [&hellip;]<\/p>\n","protected":false},"author":1,"featured_media":0,"parent":0,"menu_order":8,"comment_status":"closed","ping_status":"closed","template":"","meta":{"_acf_changed":false,"_et_pb_use_builder":"on","_et_pb_old_content":"","_et_gb_content_width":"","footnotes":""},"class_list":["post-585","page","type-page","status-publish","hentry"],"acf":[],"yoast_head":"<!-- This site is optimized with the Yoast SEO plugin v26.6 - https:\/\/yoast.com\/wordpress\/plugins\/seo\/ -->\n<title>Socios\/as - Bastero<\/title>\n<meta name=\"robots\" content=\"index, follow, max-snippet:-1, max-image-preview:large, max-video-preview:-1\" \/>\n<link rel=\"canonical\" href=\"https:\/\/www.bastero.eus\/es\/socios\/\" \/>\n<meta property=\"og:locale\" content=\"es_ES\" \/>\n<meta property=\"og:type\" content=\"article\" \/>\n<meta property=\"og:title\" content=\"Socios\/as - Bastero\" \/>\n<meta property=\"og:description\" content=\"Socios\/as Los socios y socias constituyen el p\u00fablico m\u00e1s fiel de Bastero Kulturgunea. Son aficionados a los espect\u00e1culos culturales y cada a\u00f1o van aumentando en n\u00famero.A cambio de una cuota anual consiguen numerosas ventajas, que son las siguientes: Descuento del 25% en todos los espect\u00e1culos organizados por el departamento de Cultura del Ayuntamiento. Desde enero [&hellip;]\" \/>\n<meta property=\"og:url\" content=\"https:\/\/www.bastero.eus\/es\/socios\/\" \/>\n<meta property=\"og:site_name\" content=\"Bastero\" \/>\n<meta property=\"article:publisher\" content=\"https:\/\/www.facebook.com\/BasteroAndoain\/\" \/>\n<meta property=\"article:modified_time\" content=\"2026-01-07T09:04:53+00:00\" \/>\n<meta name=\"twitter:card\" content=\"summary_large_image\" \/>\n<meta name=\"twitter:site\" content=\"@Bastero_Andoain\" \/>\n<meta name=\"twitter:label1\" content=\"Tiempo de lectura\" \/>\n\t<meta name=\"twitter:data1\" content=\"2 minutos\" \/>\n<script type=\"application\/ld+json\" class=\"yoast-schema-graph\">{\"@context\":\"https:\/\/schema.org\",\"@graph\":[{\"@type\":\"WebPage\",\"@id\":\"https:\/\/www.bastero.eus\/es\/socios\/\",\"url\":\"https:\/\/www.bastero.eus\/es\/socios\/\",\"name\":\"Socios\/as - Bastero\",\"isPartOf\":{\"@id\":\"https:\/\/www.bastero.eus\/eu\/#website\"},\"datePublished\":\"2018-09-11T06:21:23+00:00\",\"dateModified\":\"2026-01-07T09:04:53+00:00\",\"breadcrumb\":{\"@id\":\"https:\/\/www.bastero.eus\/es\/socios\/#breadcrumb\"},\"inLanguage\":\"es\",\"potentialAction\":[{\"@type\":\"ReadAction\",\"target\":[\"https:\/\/www.bastero.eus\/es\/socios\/\"]}]},{\"@type\":\"BreadcrumbList\",\"@id\":\"https:\/\/www.bastero.eus\/es\/socios\/#breadcrumb\",\"itemListElement\":[{\"@type\":\"ListItem\",\"position\":1,\"name\":\"Portada\",\"item\":\"https:\/\/www.bastero.eus\/es\/\"},{\"@type\":\"ListItem\",\"position\":2,\"name\":\"Socios\/as\"}]},{\"@type\":\"WebSite\",\"@id\":\"https:\/\/www.bastero.eus\/eu\/#website\",\"url\":\"https:\/\/www.bastero.eus\/eu\/\",\"name\":\"Bastero Kulturgunea\",\"description\":\"Andoaingo kultur gunea\",\"publisher\":{\"@id\":\"https:\/\/www.bastero.eus\/eu\/#organization\"},\"potentialAction\":[{\"@type\":\"SearchAction\",\"target\":{\"@type\":\"EntryPoint\",\"urlTemplate\":\"https:\/\/www.bastero.eus\/eu\/?s={search_term_string}\"},\"query-input\":{\"@type\":\"PropertyValueSpecification\",\"valueRequired\":true,\"valueName\":\"search_term_string\"}}],\"inLanguage\":\"es\"},{\"@type\":\"Organization\",\"@id\":\"https:\/\/www.bastero.eus\/eu\/#organization\",\"name\":\"Bastero Kulturgunea\",\"url\":\"https:\/\/www.bastero.eus\/eu\/\",\"logo\":{\"@type\":\"ImageObject\",\"inLanguage\":\"es\",\"@id\":\"https:\/\/www.bastero.eus\/eu\/#\/schema\/logo\/image\/\",\"url\":\"https:\/\/www.bastero.eus\/wp-content\/uploads\/2017\/10\/bastero.jpg\",\"contentUrl\":\"https:\/\/www.bastero.eus\/wp-content\/uploads\/2017\/10\/bastero.jpg\",\"width\":350,\"height\":278,\"caption\":\"Bastero Kulturgunea\"},\"image\":{\"@id\":\"https:\/\/www.bastero.eus\/eu\/#\/schema\/logo\/image\/\"},\"sameAs\":[\"https:\/\/www.facebook.com\/BasteroAndoain\/\",\"https:\/\/x.com\/Bastero_Andoain\"]}]}<\/script>\n<!-- \/ Yoast SEO plugin. -->","yoast_head_json":{"title":"Socios\/as - Bastero","robots":{"index":"index","follow":"follow","max-snippet":"max-snippet:-1","max-image-preview":"max-image-preview:large","max-video-preview":"max-video-preview:-1"},"canonical":"https:\/\/www.bastero.eus\/es\/socios\/","og_locale":"es_ES","og_type":"article","og_title":"Socios\/as - Bastero","og_description":"Socios\/as Los socios y socias constituyen el p\u00fablico m\u00e1s fiel de Bastero Kulturgunea. Son aficionados a los espect\u00e1culos culturales y cada a\u00f1o van aumentando en n\u00famero.A cambio de una cuota anual consiguen numerosas ventajas, que son las siguientes: Descuento del 25% en todos los espect\u00e1culos organizados por el departamento de Cultura del Ayuntamiento. Desde enero [&hellip;]","og_url":"https:\/\/www.bastero.eus\/es\/socios\/","og_site_name":"Bastero","article_publisher":"https:\/\/www.facebook.com\/BasteroAndoain\/","article_modified_time":"2026-01-07T09:04:53+00:00","twitter_card":"summary_large_image","twitter_site":"@Bastero_Andoain","twitter_misc":{"Tiempo de lectura":"2 minutos"},"schema":{"@context":"https:\/\/schema.org","@graph":[{"@type":"WebPage","@id":"https:\/\/www.bastero.eus\/es\/socios\/","url":"https:\/\/www.bastero.eus\/es\/socios\/","name":"Socios\/as - Bastero","isPartOf":{"@id":"https:\/\/www.bastero.eus\/eu\/#website"},"datePublished":"2018-09-11T06:21:23+00:00","dateModified":"2026-01-07T09:04:53+00:00","breadcrumb":{"@id":"https:\/\/www.bastero.eus\/es\/socios\/#breadcrumb"},"inLanguage":"es","potentialAction":[{"@type":"ReadAction","target":["https:\/\/www.bastero.eus\/es\/socios\/"]}]},{"@type":"BreadcrumbList","@id":"https:\/\/www.bastero.eus\/es\/socios\/#breadcrumb","itemListElement":[{"@type":"ListItem","position":1,"name":"Portada","item":"https:\/\/www.bastero.eus\/es\/"},{"@type":"ListItem","position":2,"name":"Socios\/as"}]},{"@type":"WebSite","@id":"https:\/\/www.bastero.eus\/eu\/#website","url":"https:\/\/www.bastero.eus\/eu\/","name":"Bastero Kulturgunea","description":"Andoaingo kultur gunea","publisher":{"@id":"https:\/\/www.bastero.eus\/eu\/#organization"},"potentialAction":[{"@type":"SearchAction","target":{"@type":"EntryPoint","urlTemplate":"https:\/\/www.bastero.eus\/eu\/?s={search_term_string}"},"query-input":{"@type":"PropertyValueSpecification","valueRequired":true,"valueName":"search_term_string"}}],"inLanguage":"es"},{"@type":"Organization","@id":"https:\/\/www.bastero.eus\/eu\/#organization","name":"Bastero Kulturgunea","url":"https:\/\/www.bastero.eus\/eu\/","logo":{"@type":"ImageObject","inLanguage":"es","@id":"https:\/\/www.bastero.eus\/eu\/#\/schema\/logo\/image\/","url":"https:\/\/www.bastero.eus\/wp-content\/uploads\/2017\/10\/bastero.jpg","contentUrl":"https:\/\/www.bastero.eus\/wp-content\/uploads\/2017\/10\/bastero.jpg","width":350,"height":278,"caption":"Bastero Kulturgunea"},"image":{"@id":"https:\/\/www.bastero.eus\/eu\/#\/schema\/logo\/image\/"},"sameAs":["https:\/\/www.facebook.com\/BasteroAndoain\/","https:\/\/x.com\/Bastero_Andoain"]}]}},"_links":{"self":[{"href":"https:\/\/www.bastero.eus\/es\/wp-json\/wp\/v2\/pages\/585","targetHints":{"allow":["GET"]}}],"collection":[{"href":"https:\/\/www.bastero.eus\/es\/wp-json\/wp\/v2\/pages"}],"about":[{"href":"https:\/\/www.bastero.eus\/es\/wp-json\/wp\/v2\/types\/page"}],"author":[{"embeddable":true,"href":"https:\/\/www.bastero.eus\/es\/wp-json\/wp\/v2\/users\/1"}],"replies":[{"embeddable":true,"href":"https:\/\/www.bastero.eus\/es\/wp-json\/wp\/v2\/comments?post=585"}],"version-history":[{"count":20,"href":"https:\/\/www.bastero.eus\/es\/wp-json\/wp\/v2\/pages\/585\/revisions"}],"predecessor-version":[{"id":14401,"href":"https:\/\/www.bastero.eus\/es\/wp-json\/wp\/v2\/pages\/585\/revisions\/14401"}],"wp:attachment":[{"href":"https:\/\/www.bastero.eus\/es\/wp-json\/wp\/v2\/media?parent=585"}],"curies":[{"name":"wp","href":"https:\/\/api.w.org\/{rel}","templated":true}]}}