{"id":4398,"date":"2020-09-15T17:13:22","date_gmt":"2020-09-15T15:13:22","guid":{"rendered":"https:\/\/www.bastero.eus\/?page_id=4398"},"modified":"2025-07-03T11:51:19","modified_gmt":"2025-07-03T09:51:19","slug":"entradas","status":"publish","type":"page","link":"https:\/\/www.bastero.eus\/es\/entradas\/","title":{"rendered":"Entradas"},"content":{"rendered":"<p>[et_pb_section fb_built=\u00bb1&#8243; module_class=\u00bbkabezera\u00bb _builder_version=\u00bb4.16&#8243; background_image=\u00bbhttps:\/\/www.bastero.eus\/wp-content\/uploads\/2020\/09\/admission-2974645_1920.jpg\u00bb z_index_tablet=\u00bb500&#8243; box_shadow_horizontal_tablet=\u00bb0px\u00bb box_shadow_vertical_tablet=\u00bb0px\u00bb box_shadow_blur_tablet=\u00bb40px\u00bb box_shadow_spread_tablet=\u00bb0px\u00bb locked=\u00bboff\u00bb global_colors_info=\u00bb{}\u00bb][et_pb_row _builder_version=\u00bb4.27.4&#8243; background_size=\u00bbinitial\u00bb background_position=\u00bbtop_left\u00bb background_repeat=\u00bbrepeat\u00bb hover_enabled=\u00bb0&#8243; global_colors_info=\u00bb{}\u00bb background_enable_image=\u00bboff\u00bb sticky_enabled=\u00bb0&#8243;][et_pb_column type=\u00bb4_4&#8243; _builder_version=\u00bb4.16&#8243; custom_padding=\u00bb|||\u00bb global_colors_info=\u00bb{}\u00bb custom_padding__hover=\u00bb|||\u00bb][\/et_pb_column][\/et_pb_row][\/et_pb_section][et_pb_section fb_built=\u00bb1&#8243; _builder_version=\u00bb4.16&#8243; custom_margin=\u00bb0px||||false|false\u00bb custom_padding=\u00bb0px||||false|false\u00bb global_colors_info=\u00bb{}\u00bb][et_pb_row column_structure=\u00bb2_3,1_3&#8243; _builder_version=\u00bb4.27.4&#8243; background_size=\u00bbinitial\u00bb background_position=\u00bbtop_left\u00bb background_repeat=\u00bbrepeat\u00bb hover_enabled=\u00bb0&#8243; global_colors_info=\u00bb{}\u00bb background_enable_image=\u00bboff\u00bb sticky_enabled=\u00bb0&#8243;][et_pb_column type=\u00bb2_3&#8243; _builder_version=\u00bb4.16&#8243; custom_padding=\u00bb|||\u00bb global_colors_info=\u00bb{}\u00bb custom_padding__hover=\u00bb|||\u00bb][et_pb_text _builder_version=\u00bb4.23.1&#8243; vertical_offset_tablet=\u00bb0&#8243; horizontal_offset_tablet=\u00bb0&#8243; custom_padding=\u00bb||21px|||\u00bb z_index_tablet=\u00bb0&#8243; text_text_shadow_horizontal_length_tablet=\u00bb0px\u00bb text_text_shadow_vertical_length_tablet=\u00bb0px\u00bb text_text_shadow_blur_strength_tablet=\u00bb1px\u00bb link_text_shadow_horizontal_length_tablet=\u00bb0px\u00bb link_text_shadow_vertical_length_tablet=\u00bb0px\u00bb link_text_shadow_blur_strength_tablet=\u00bb1px\u00bb ul_text_shadow_horizontal_length_tablet=\u00bb0px\u00bb ul_text_shadow_vertical_length_tablet=\u00bb0px\u00bb ul_text_shadow_blur_strength_tablet=\u00bb1px\u00bb ol_text_shadow_horizontal_length_tablet=\u00bb0px\u00bb ol_text_shadow_vertical_length_tablet=\u00bb0px\u00bb ol_text_shadow_blur_strength_tablet=\u00bb1px\u00bb quote_text_shadow_horizontal_length_tablet=\u00bb0px\u00bb quote_text_shadow_vertical_length_tablet=\u00bb0px\u00bb quote_text_shadow_blur_strength_tablet=\u00bb1px\u00bb header_text_shadow_horizontal_length_tablet=\u00bb0px\u00bb header_text_shadow_vertical_length_tablet=\u00bb0px\u00bb header_text_shadow_blur_strength_tablet=\u00bb1px\u00bb header_2_text_shadow_horizontal_length_tablet=\u00bb0px\u00bb header_2_text_shadow_vertical_length_tablet=\u00bb0px\u00bb header_2_text_shadow_blur_strength_tablet=\u00bb1px\u00bb header_3_text_shadow_horizontal_length_tablet=\u00bb0px\u00bb header_3_text_shadow_vertical_length_tablet=\u00bb0px\u00bb header_3_text_shadow_blur_strength_tablet=\u00bb1px\u00bb header_4_text_shadow_horizontal_length_tablet=\u00bb0px\u00bb header_4_text_shadow_vertical_length_tablet=\u00bb0px\u00bb header_4_text_shadow_blur_strength_tablet=\u00bb1px\u00bb header_5_text_shadow_horizontal_length_tablet=\u00bb0px\u00bb header_5_text_shadow_vertical_length_tablet=\u00bb0px\u00bb header_5_text_shadow_blur_strength_tablet=\u00bb1px\u00bb header_6_text_shadow_horizontal_length_tablet=\u00bb0px\u00bb header_6_text_shadow_vertical_length_tablet=\u00bb0px\u00bb header_6_text_shadow_blur_strength_tablet=\u00bb1px\u00bb box_shadow_horizontal_tablet=\u00bb0px\u00bb box_shadow_vertical_tablet=\u00bb0px\u00bb box_shadow_blur_tablet=\u00bb40px\u00bb box_shadow_spread_tablet=\u00bb0px\u00bb global_colors_info=\u00bb{}\u00bb]<\/p>\n<h1>Venta de entradas<\/h1>\n<p>&nbsp;<\/p>\n<h2>A trav\u00e9s de Internet<\/h2>\n<p><b>La venta se realizar\u00e1 a trav\u00e9s de Internet en las siguientes p\u00e1ginas web:\u00a0<\/b><span style=\"font-size: 18px;\">Teatro, m\u00fasica y danza: <\/span><a href=\"https:\/\/tickets.kutxabank.es\/#\/es\/ver-recinto\/BA@Janto_KB\" target=\"_blank\" rel=\"noopener noreferrer\" style=\"font-size: 18px;\">Auditorio<\/a><span style=\"font-size: 18px;\"> \/ <\/span><a href=\"https:\/\/tickets.kutxabank.es\/#\/es\/ver-recinto\/BSAC@Janto_KB\" target=\"_blank\" rel=\"noopener noreferrer\" style=\"font-size: 18px;\">Sal\u00f3n de actos<\/a><\/p>\n<p>M\u00e1s informaci\u00f3n: 943 30 35 40<\/p>\n<ul style=\"margin-top: 30px;\">\n<li>Se dispensar\u00e1 un <strong>m\u00e1ximo de 5 entradas por persona<\/strong>.<\/li>\n<li><strong>Se recomienda comprar las entradas de forma electr\u00f3nica<\/strong>.<\/li>\n<\/ul>\n<h2>Venta presencial<\/h2>\n<ul>\n<li>A la hora de adquirir las entradas tendr\u00e1n preferencia los y las socios-as.<\/li>\n<li>La ventanilla estar\u00e1 abierta: de 10:30 a 13:00 \/de 16:30 a 19:30<\/li>\n<li>En taquilla de Bastero Kulturgunea, una hora antes del inicio del espect\u00e1culo.<\/li>\n<\/ul>\n<p>&nbsp;<\/p>\n<p>[\/et_pb_text][\/et_pb_column][et_pb_column type=\u00bb1_3&#8243; _builder_version=\u00bb4.16&#8243; custom_padding=\u00bb|||\u00bb global_colors_info=\u00bb{}\u00bb custom_padding__hover=\u00bb|||\u00bb][\/et_pb_column][\/et_pb_row][\/et_pb_section][et_pb_section fb_built=\u00bb1&#8243; _builder_version=\u00bb3.22&#8243; custom_margin=\u00bb0px||0px|\u00bb custom_padding=\u00bb0px||0px|\u00bb global_module=\u00bb4507&#8243; saved_tabs=\u00bball\u00bb locked=\u00bboff\u00bb global_colors_info=\u00bb{}\u00bb][et_pb_row column_structure=\u00bb1_4,1_4,1_4,1_4&#8243; use_custom_gutter=\u00bbon\u00bb gutter_width=\u00bb1&#8243; make_equal=\u00bbon\u00bb module_class=\u00bbdestakatuak et_pb_row_fullwidth\u00bb _builder_version=\u00bb4.16&#8243; width=\u00bb100%\u00bb width_tablet=\u00bb100%\u00bb width_phone=\u00bb\u00bb width_last_edited=\u00bbon|desktop\u00bb max_width=\u00bb100%\u00bb max_width_tablet=\u00bb100%\u00bb max_width_phone=\u00bb\u00bb max_width_last_edited=\u00bbon|desktop\u00bb custom_margin=\u00bb2px|2px|2px|2px|false|false\u00bb custom_padding=\u00bb0px||0px|\u00bb make_fullwidth=\u00bbon\u00bb global_colors_info=\u00bb{}\u00bb][et_pb_column type=\u00bb1_4&#8243; module_class=\u00bbagenda\u00bb _builder_version=\u00bb4.16&#8243; custom_padding=\u00bb|||\u00bb global_colors_info=\u00bb{}\u00bb custom_padding__hover=\u00bb|||\u00bb][et_pb_code _builder_version=\u00bb4.16&#8243; global_colors_info=\u00bb{}\u00bb]<a href=\"https:\/\/www.bastero.eus\/es\/boletin\/\"><!-- [et_pb_line_break_holder] --> <\/p>\n<h3>BOLETIN<!\u2013- [et_pb_br_holder] -\u2013><!-- [et_pb_line_break_holder] -->ELECTR\u00d3NICO<\/h3>\n<p><!-- [et_pb_line_break_holder] --><pee>La programaci\u00f3n mensual<!\u2013- [et_pb_br_holder] -\u2013><!-- [et_pb_line_break_holder] -->en tu buz\u00f3n<\/pee><!-- [et_pb_line_break_holder] --><\/a>[\/et_pb_code][\/et_pb_column][et_pb_column type=\u00bb1_4&#8243; module_class=\u00bbbazkide\u00bb _builder_version=\u00bb4.16&#8243; custom_padding=\u00bb|||\u00bb global_colors_info=\u00bb{}\u00bb custom_padding__hover=\u00bb|||\u00bb][et_pb_code _builder_version=\u00bb4.16&#8243; global_colors_info=\u00bb{}\u00bb]<a href=\"https:\/\/www.bastero.eus\/es\/socios\/\"><!-- [et_pb_line_break_holder] --><\/p>\n<h3>HAZTE<!\u2013- [et_pb_br_holder] -\u2013>SOCIO<\/h3>\n<p><!-- [et_pb_line_break_holder] --><pee>Disfruta de <!\u2013- [et_pb_br_holder] -\u2013>ventajas y sorteos.<\/pee><!-- [et_pb_line_break_holder] --><\/a>[\/et_pb_code][\/et_pb_column][et_pb_column type=\u00bb1_4&#8243; module_class=\u00bbaretoak\u00bb _builder_version=\u00bb4.16&#8243; custom_padding=\u00bb|||\u00bb global_colors_info=\u00bb{}\u00bb custom_padding__hover=\u00bb|||\u00bb][et_pb_code _builder_version=\u00bb4.16&#8243; global_colors_info=\u00bb{}\u00bb]<a href=\"https:\/\/www.bastero.eus\/es\/sobre-centro\/\"><!-- [et_pb_line_break_holder] --><\/p>\n<h3>ALQUILER DE<!\u2013- [et_pb_br_holder] -\u2013>ESPACIOS<\/h3>\n<p><!-- [et_pb_line_break_holder] --><pee>Sala de distintos tama\u00f1os<!\u2013- [et_pb_br_holder] -\u2013>y precios<\/pee><!-- [et_pb_line_break_holder] --><\/a>[\/et_pb_code][\/et_pb_column][et_pb_column type=\u00bb1_4&#8243; module_class=\u00bbiruzkina\u00bb _builder_version=\u00bb4.16&#8243; custom_padding=\u00bb|||\u00bb global_colors_info=\u00bb{}\u00bb custom_padding__hover=\u00bb|||\u00bb][et_pb_code _builder_version=\u00bb4.16&#8243; global_colors_info=\u00bb{}\u00bb]<a href=\"https:\/\/www.bastero.eus\/es\/contacto\/\"><!-- [et_pb_line_break_holder] --><\/p>\n<h3>ENV\u00cdANOS TU<!\u2013- [et_pb_br_holder] -\u2013>OPINI\u00d3N<\/h3>\n<p><!-- [et_pb_line_break_holder] --><pee>Mejoremos Bastero con<!\u2013- [et_pb_br_holder] -\u2013>las aportaciones de todos<\/pee><!-- [et_pb_line_break_holder] --><\/a>[\/et_pb_code][\/et_pb_column][\/et_pb_row][\/et_pb_section]<\/p>\n","protected":false},"excerpt":{"rendered":"<p>Venta de entradas &nbsp; A trav\u00e9s de Internet La venta se realizar\u00e1 a trav\u00e9s de Internet en las siguientes p\u00e1ginas web:\u00a0Teatro, m\u00fasica y danza: Auditorio \/ Sal\u00f3n de actos M\u00e1s informaci\u00f3n: 943 30 35 40 Se dispensar\u00e1 un m\u00e1ximo de 5 entradas por persona. Se recomienda comprar las entradas de forma electr\u00f3nica. Venta presencial A [&hellip;]<\/p>\n","protected":false},"author":1,"featured_media":0,"parent":0,"menu_order":68,"comment_status":"closed","ping_status":"closed","template":"","meta":{"_acf_changed":false,"_et_pb_use_builder":"on","_et_pb_old_content":"<p>[et_pb_section fb_built=\"1\" module_class=\"kabezera\" _builder_version=\"4.0.6\" background_image=\"https:\/\/www.bastero.eus\/wp-content\/uploads\/2020\/06\/sanjuan.jpg\" z_index_tablet=\"500\" box_shadow_horizontal_tablet=\"0px\" box_shadow_vertical_tablet=\"0px\" box_shadow_blur_tablet=\"40px\" box_shadow_spread_tablet=\"0px\" locked=\"off\"][et_pb_row _builder_version=\"3.25\" background_size=\"initial\" background_position=\"top_left\" background_repeat=\"repeat\"][et_pb_column type=\"4_4\" _builder_version=\"3.0.47\" custom_padding=\"|||\" custom_padding__hover=\"|||\"][\/et_pb_column][\/et_pb_row][\/et_pb_section][et_pb_section fb_built=\"1\" _builder_version=\"4.6.1\" custom_margin=\"0px||||false|false\" custom_padding=\"0px||||false|false\"][et_pb_row column_structure=\"2_3,1_3\" _builder_version=\"3.25\" background_size=\"initial\" background_position=\"top_left\" background_repeat=\"repeat\"][et_pb_column type=\"2_3\" _builder_version=\"3.25\" custom_padding=\"|||\" custom_padding__hover=\"|||\"][et_pb_text _builder_version=\"4.6.1\" vertical_offset_tablet=\"0\" horizontal_offset_tablet=\"0\" hover_enabled=\"0\" z_index_tablet=\"0\" text_text_shadow_horizontal_length_tablet=\"0px\" text_text_shadow_vertical_length_tablet=\"0px\" text_text_shadow_blur_strength_tablet=\"1px\" link_text_shadow_horizontal_length_tablet=\"0px\" link_text_shadow_vertical_length_tablet=\"0px\" link_text_shadow_blur_strength_tablet=\"1px\" ul_text_shadow_horizontal_length_tablet=\"0px\" ul_text_shadow_vertical_length_tablet=\"0px\" ul_text_shadow_blur_strength_tablet=\"1px\" ol_text_shadow_horizontal_length_tablet=\"0px\" ol_text_shadow_vertical_length_tablet=\"0px\" ol_text_shadow_blur_strength_tablet=\"1px\" quote_text_shadow_horizontal_length_tablet=\"0px\" quote_text_shadow_vertical_length_tablet=\"0px\" quote_text_shadow_blur_strength_tablet=\"1px\" header_text_shadow_horizontal_length_tablet=\"0px\" header_text_shadow_vertical_length_tablet=\"0px\" header_text_shadow_blur_strength_tablet=\"1px\" header_2_text_shadow_horizontal_length_tablet=\"0px\" header_2_text_shadow_vertical_length_tablet=\"0px\" header_2_text_shadow_blur_strength_tablet=\"1px\" header_3_text_shadow_horizontal_length_tablet=\"0px\" header_3_text_shadow_vertical_length_tablet=\"0px\" header_3_text_shadow_blur_strength_tablet=\"1px\" header_4_text_shadow_horizontal_length_tablet=\"0px\" header_4_text_shadow_vertical_length_tablet=\"0px\" header_4_text_shadow_blur_strength_tablet=\"1px\" header_5_text_shadow_horizontal_length_tablet=\"0px\" header_5_text_shadow_vertical_length_tablet=\"0px\" header_5_text_shadow_blur_strength_tablet=\"1px\" header_6_text_shadow_horizontal_length_tablet=\"0px\" header_6_text_shadow_vertical_length_tablet=\"0px\" header_6_text_shadow_blur_strength_tablet=\"1px\" box_shadow_horizontal_tablet=\"0px\" box_shadow_vertical_tablet=\"0px\" box_shadow_blur_tablet=\"40px\" box_shadow_spread_tablet=\"0px\" sticky_enabled=\"0\"]<\/p><h1>Sarrera-salmenta<\/h1><ul style=\"margin-top: 30px;\"><li><strong>Pertsona bakoitzeko gehienez 5 sarrera<\/strong> banatuko dira.<\/li><li><strong>Sarrerak modu elektronikoan erostea gomendatzen da<\/strong>.<\/li><li>Urriaren 10tik aurrea erosi ahalko dira.<\/li><li><strong>Sarrera telefono mugikorrean ekartzea gomendatzen da<\/strong>, sarrera inprimatu behar ez izateko.<\/li><\/ul><h2>Aurrez aurreko salmenta<\/h2><ul><li>Lehentasuna izango dute bazkideek sarrerak eskuratzerakoan.<\/li><li>Basteroko leihatila ostegunetan egongo da irekita: 10:00etatik 13:00etara\/ 16:30- 19:30<\/li><\/ul><p>Beste aukera da, ikuskizuna hasi eta ordubete lehenago Basteroko txarteldegian erostea.<br \/>Txarteldegian salgai egongo dira aurreko egunetan saldu ez diren sarrerak.<\/p><h2>Internet bidez<\/h2><p><b>Salmenta Internet bidez egingo da webgune hauetan:<\/b><\/p><ul><li>Antzerkia, musika eta dantza: <a href=\"https:\/\/tickets.kutxabank.es\/#\/es\/ver-recinto\/BA@Janto_KB\" target=\"_blank\" rel=\"noopener noreferrer\">Kutxabank<\/a><\/li><li>Zinea: <a href=\"https:\/\/cinesbastero.sacatuentrada.es\/eu\" target=\"_blank\" rel=\"noopener noreferrer\">sacatuentrada.es<\/a><\/li><\/ul><p>Informazio gehiago: 943303540<\/p><p>[\/et_pb_text][\/et_pb_column][et_pb_column type=\"1_3\" _builder_version=\"3.25\" custom_padding=\"|||\" custom_padding__hover=\"|||\"][\/et_pb_column][\/et_pb_row][\/et_pb_section]<\/p>","_et_gb_content_width":"","footnotes":""},"class_list":["post-4398","page","type-page","status-publish","hentry"],"acf":[],"yoast_head":"<!-- This site is optimized with the Yoast SEO plugin v26.6 - https:\/\/yoast.com\/wordpress\/plugins\/seo\/ -->\n<title>Entradas - Bastero<\/title>\n<meta name=\"robots\" content=\"index, follow, max-snippet:-1, max-image-preview:large, max-video-preview:-1\" \/>\n<link rel=\"canonical\" href=\"https:\/\/www.bastero.eus\/es\/entradas\/\" \/>\n<meta property=\"og:locale\" content=\"es_ES\" \/>\n<meta property=\"og:type\" content=\"article\" \/>\n<meta property=\"og:title\" content=\"Entradas - Bastero\" \/>\n<meta property=\"og:description\" content=\"Venta de entradas &nbsp; A trav\u00e9s de Internet La venta se realizar\u00e1 a trav\u00e9s de Internet en las siguientes p\u00e1ginas web:\u00a0Teatro, m\u00fasica y danza: Auditorio \/ Sal\u00f3n de actos M\u00e1s informaci\u00f3n: 943 30 35 40 Se dispensar\u00e1 un m\u00e1ximo de 5 entradas por persona. Se recomienda comprar las entradas de forma electr\u00f3nica. Venta presencial A [&hellip;]\" \/>\n<meta property=\"og:url\" content=\"https:\/\/www.bastero.eus\/es\/entradas\/\" \/>\n<meta property=\"og:site_name\" content=\"Bastero\" \/>\n<meta property=\"article:publisher\" content=\"https:\/\/www.facebook.com\/BasteroAndoain\/\" \/>\n<meta property=\"article:modified_time\" content=\"2025-07-03T09:51:19+00:00\" \/>\n<meta name=\"twitter:card\" content=\"summary_large_image\" \/>\n<meta name=\"twitter:site\" content=\"@Bastero_Andoain\" \/>\n<meta name=\"twitter:label1\" content=\"Tiempo de lectura\" \/>\n\t<meta name=\"twitter:data1\" content=\"1 minuto\" \/>\n<script type=\"application\/ld+json\" class=\"yoast-schema-graph\">{\"@context\":\"https:\/\/schema.org\",\"@graph\":[{\"@type\":\"WebPage\",\"@id\":\"https:\/\/www.bastero.eus\/es\/entradas\/\",\"url\":\"https:\/\/www.bastero.eus\/es\/entradas\/\",\"name\":\"Entradas - Bastero\",\"isPartOf\":{\"@id\":\"https:\/\/www.bastero.eus\/eu\/#website\"},\"datePublished\":\"2020-09-15T15:13:22+00:00\",\"dateModified\":\"2025-07-03T09:51:19+00:00\",\"breadcrumb\":{\"@id\":\"https:\/\/www.bastero.eus\/es\/entradas\/#breadcrumb\"},\"inLanguage\":\"es\",\"potentialAction\":[{\"@type\":\"ReadAction\",\"target\":[\"https:\/\/www.bastero.eus\/es\/entradas\/\"]}]},{\"@type\":\"BreadcrumbList\",\"@id\":\"https:\/\/www.bastero.eus\/es\/entradas\/#breadcrumb\",\"itemListElement\":[{\"@type\":\"ListItem\",\"position\":1,\"name\":\"Portada\",\"item\":\"https:\/\/www.bastero.eus\/es\/\"},{\"@type\":\"ListItem\",\"position\":2,\"name\":\"Entradas\"}]},{\"@type\":\"WebSite\",\"@id\":\"https:\/\/www.bastero.eus\/eu\/#website\",\"url\":\"https:\/\/www.bastero.eus\/eu\/\",\"name\":\"Bastero Kulturgunea\",\"description\":\"Andoaingo kultur gunea\",\"publisher\":{\"@id\":\"https:\/\/www.bastero.eus\/eu\/#organization\"},\"potentialAction\":[{\"@type\":\"SearchAction\",\"target\":{\"@type\":\"EntryPoint\",\"urlTemplate\":\"https:\/\/www.bastero.eus\/eu\/?s={search_term_string}\"},\"query-input\":{\"@type\":\"PropertyValueSpecification\",\"valueRequired\":true,\"valueName\":\"search_term_string\"}}],\"inLanguage\":\"es\"},{\"@type\":\"Organization\",\"@id\":\"https:\/\/www.bastero.eus\/eu\/#organization\",\"name\":\"Bastero Kulturgunea\",\"url\":\"https:\/\/www.bastero.eus\/eu\/\",\"logo\":{\"@type\":\"ImageObject\",\"inLanguage\":\"es\",\"@id\":\"https:\/\/www.bastero.eus\/eu\/#\/schema\/logo\/image\/\",\"url\":\"https:\/\/www.bastero.eus\/wp-content\/uploads\/2017\/10\/bastero.jpg\",\"contentUrl\":\"https:\/\/www.bastero.eus\/wp-content\/uploads\/2017\/10\/bastero.jpg\",\"width\":350,\"height\":278,\"caption\":\"Bastero Kulturgunea\"},\"image\":{\"@id\":\"https:\/\/www.bastero.eus\/eu\/#\/schema\/logo\/image\/\"},\"sameAs\":[\"https:\/\/www.facebook.com\/BasteroAndoain\/\",\"https:\/\/x.com\/Bastero_Andoain\"]}]}<\/script>\n<!-- \/ Yoast SEO plugin. -->","yoast_head_json":{"title":"Entradas - Bastero","robots":{"index":"index","follow":"follow","max-snippet":"max-snippet:-1","max-image-preview":"max-image-preview:large","max-video-preview":"max-video-preview:-1"},"canonical":"https:\/\/www.bastero.eus\/es\/entradas\/","og_locale":"es_ES","og_type":"article","og_title":"Entradas - Bastero","og_description":"Venta de entradas &nbsp; A trav\u00e9s de Internet La venta se realizar\u00e1 a trav\u00e9s de Internet en las siguientes p\u00e1ginas web:\u00a0Teatro, m\u00fasica y danza: Auditorio \/ Sal\u00f3n de actos M\u00e1s informaci\u00f3n: 943 30 35 40 Se dispensar\u00e1 un m\u00e1ximo de 5 entradas por persona. Se recomienda comprar las entradas de forma electr\u00f3nica. Venta presencial A [&hellip;]","og_url":"https:\/\/www.bastero.eus\/es\/entradas\/","og_site_name":"Bastero","article_publisher":"https:\/\/www.facebook.com\/BasteroAndoain\/","article_modified_time":"2025-07-03T09:51:19+00:00","twitter_card":"summary_large_image","twitter_site":"@Bastero_Andoain","twitter_misc":{"Tiempo de lectura":"1 minuto"},"schema":{"@context":"https:\/\/schema.org","@graph":[{"@type":"WebPage","@id":"https:\/\/www.bastero.eus\/es\/entradas\/","url":"https:\/\/www.bastero.eus\/es\/entradas\/","name":"Entradas - Bastero","isPartOf":{"@id":"https:\/\/www.bastero.eus\/eu\/#website"},"datePublished":"2020-09-15T15:13:22+00:00","dateModified":"2025-07-03T09:51:19+00:00","breadcrumb":{"@id":"https:\/\/www.bastero.eus\/es\/entradas\/#breadcrumb"},"inLanguage":"es","potentialAction":[{"@type":"ReadAction","target":["https:\/\/www.bastero.eus\/es\/entradas\/"]}]},{"@type":"BreadcrumbList","@id":"https:\/\/www.bastero.eus\/es\/entradas\/#breadcrumb","itemListElement":[{"@type":"ListItem","position":1,"name":"Portada","item":"https:\/\/www.bastero.eus\/es\/"},{"@type":"ListItem","position":2,"name":"Entradas"}]},{"@type":"WebSite","@id":"https:\/\/www.bastero.eus\/eu\/#website","url":"https:\/\/www.bastero.eus\/eu\/","name":"Bastero Kulturgunea","description":"Andoaingo kultur gunea","publisher":{"@id":"https:\/\/www.bastero.eus\/eu\/#organization"},"potentialAction":[{"@type":"SearchAction","target":{"@type":"EntryPoint","urlTemplate":"https:\/\/www.bastero.eus\/eu\/?s={search_term_string}"},"query-input":{"@type":"PropertyValueSpecification","valueRequired":true,"valueName":"search_term_string"}}],"inLanguage":"es"},{"@type":"Organization","@id":"https:\/\/www.bastero.eus\/eu\/#organization","name":"Bastero Kulturgunea","url":"https:\/\/www.bastero.eus\/eu\/","logo":{"@type":"ImageObject","inLanguage":"es","@id":"https:\/\/www.bastero.eus\/eu\/#\/schema\/logo\/image\/","url":"https:\/\/www.bastero.eus\/wp-content\/uploads\/2017\/10\/bastero.jpg","contentUrl":"https:\/\/www.bastero.eus\/wp-content\/uploads\/2017\/10\/bastero.jpg","width":350,"height":278,"caption":"Bastero Kulturgunea"},"image":{"@id":"https:\/\/www.bastero.eus\/eu\/#\/schema\/logo\/image\/"},"sameAs":["https:\/\/www.facebook.com\/BasteroAndoain\/","https:\/\/x.com\/Bastero_Andoain"]}]}},"_links":{"self":[{"href":"https:\/\/www.bastero.eus\/es\/wp-json\/wp\/v2\/pages\/4398","targetHints":{"allow":["GET"]}}],"collection":[{"href":"https:\/\/www.bastero.eus\/es\/wp-json\/wp\/v2\/pages"}],"about":[{"href":"https:\/\/www.bastero.eus\/es\/wp-json\/wp\/v2\/types\/page"}],"author":[{"embeddable":true,"href":"https:\/\/www.bastero.eus\/es\/wp-json\/wp\/v2\/users\/1"}],"replies":[{"embeddable":true,"href":"https:\/\/www.bastero.eus\/es\/wp-json\/wp\/v2\/comments?post=4398"}],"version-history":[{"count":15,"href":"https:\/\/www.bastero.eus\/es\/wp-json\/wp\/v2\/pages\/4398\/revisions"}],"predecessor-version":[{"id":13525,"href":"https:\/\/www.bastero.eus\/es\/wp-json\/wp\/v2\/pages\/4398\/revisions\/13525"}],"wp:attachment":[{"href":"https:\/\/www.bastero.eus\/es\/wp-json\/wp\/v2\/media?parent=4398"}],"curies":[{"name":"wp","href":"https:\/\/api.w.org\/{rel}","templated":true}]}}