{"id":1346,"date":"2018-11-29T11:11:57","date_gmt":"2018-11-29T09:11:57","guid":{"rendered":"https:\/\/www.bastero.eus\/?page_id=1346"},"modified":"2026-01-07T10:06:52","modified_gmt":"2026-01-07T09:06:52","slug":"solicitud-de-alta-de-socio","status":"publish","type":"page","link":"https:\/\/www.bastero.eus\/es\/socios\/solicitud-de-alta-de-socio\/","title":{"rendered":"Solicitud de alta de socio"},"content":{"rendered":"<p>[et_pb_section fb_built=\u00bb1&#8243; module_class=\u00bbkabezera\u00bb _builder_version=\u00bb4.16&#8243; background_image=\u00bbhttps:\/\/www.bastero.eus\/wp-content\/uploads\/2018\/09\/Butakak.jpg\u00bb locked=\u00bboff\u00bb global_colors_info=\u00bb{}\u00bb][et_pb_row _builder_version=\u00bb4.27.4&#8243; background_enable_image=\u00bboff\u00bb background_size=\u00bbinitial\u00bb background_position=\u00bbtop_left\u00bb background_repeat=\u00bbrepeat\u00bb global_colors_info=\u00bb{}\u00bb][et_pb_column type=\u00bb4_4&#8243; _builder_version=\u00bb4.16&#8243; custom_padding=\u00bb|||\u00bb global_colors_info=\u00bb{}\u00bb custom_padding__hover=\u00bb|||\u00bb][\/et_pb_column][\/et_pb_row][\/et_pb_section][et_pb_section fb_built=\u00bb1&#8243; _builder_version=\u00bb4.16&#8243; locked=\u00bboff\u00bb global_colors_info=\u00bb{}\u00bb][et_pb_row _builder_version=\u00bb4.27.4&#8243; background_enable_image=\u00bboff\u00bb background_size=\u00bbinitial\u00bb background_position=\u00bbtop_left\u00bb background_repeat=\u00bbrepeat\u00bb global_colors_info=\u00bb{}\u00bb][et_pb_column type=\u00bb4_4&#8243; _builder_version=\u00bb4.16&#8243; custom_padding=\u00bb|||\u00bb global_colors_info=\u00bb{}\u00bb custom_padding__hover=\u00bb|||\u00bb][et_pb_text _builder_version=\u00bb4.16&#8243; global_colors_info=\u00bb{}\u00bb]<\/p>\n<h1>Solicitud de alta de socia\/o<\/h1>\n<p>[\/et_pb_text][\/et_pb_column][\/et_pb_row][et_pb_row column_structure=\u00bb3_5,2_5&#8243; use_custom_gutter=\u00bbon\u00bb gutter_width=\u00bb3&#8243; module_class=\u00bbegin-bazkide\u00bb _builder_version=\u00bb4.27.4&#8243; background_enable_image=\u00bboff\u00bb background_size=\u00bbinitial\u00bb background_position=\u00bbtop_left\u00bb background_repeat=\u00bbrepeat\u00bb global_colors_info=\u00bb{}\u00bb][et_pb_column type=\u00bb3_5&#8243; _builder_version=\u00bb4.16&#8243; custom_padding=\u00bb|||\u00bb global_colors_info=\u00bb{}\u00bb custom_padding__hover=\u00bb|||\u00bb][et_pb_code _builder_version=\u00bb4.25.1&#8243; global_colors_info=\u00bb{}\u00bb]\n<div class=\"wpcf7 no-js\" id=\"wpcf7-f5291-o1\" lang=\"es-ES\" dir=\"ltr\" data-wpcf7-id=\"5291\">\n<div class=\"screen-reader-response\"><p role=\"status\" aria-live=\"polite\" aria-atomic=\"true\"><\/p> <ul><\/ul><\/div>\n<form action=\"\/es\/wp-json\/wp\/v2\/pages\/1346#wpcf7-f5291-o1\" method=\"post\" class=\"wpcf7-form init\" aria-label=\"Formulario de contacto\" novalidate=\"novalidate\" data-status=\"init\">\n<fieldset class=\"hidden-fields-container\"><input type=\"hidden\" name=\"_wpcf7\" value=\"5291\" \/><input type=\"hidden\" name=\"_wpcf7_version\" value=\"6.1.4\" \/><input type=\"hidden\" name=\"_wpcf7_locale\" value=\"es_ES\" \/><input type=\"hidden\" name=\"_wpcf7_unit_tag\" value=\"wpcf7-f5291-o1\" \/><input type=\"hidden\" name=\"_wpcf7_container_post\" value=\"0\" \/><input type=\"hidden\" name=\"_wpcf7_posted_data_hash\" value=\"\" \/><input type=\"hidden\" name=\"_wpcf7_recaptcha_response\" value=\"\" \/>\n<\/fieldset>\n<p><label>Nombre y apellidos<\/label><span class=\"wpcf7-form-control-wrap\" data-name=\"izena\"><input size=\"40\" maxlength=\"400\" class=\"wpcf7-form-control wpcf7-text wpcf7-validates-as-required\" aria-required=\"true\" aria-invalid=\"false\" value=\"\" type=\"text\" name=\"izena\" \/><\/span>\n<\/p>\n<p class=\"half\"><label>Fecha nacimiento<\/label><span class=\"wpcf7-form-control-wrap\" data-name=\"date\"><input class=\"wpcf7-form-control wpcf7-date wpcf7-validates-as-date\" aria-invalid=\"false\" value=\"\" type=\"date\" name=\"date\" \/><\/span>\n<\/p>\n<p class=\"half right\"><label>DNI<\/label><span class=\"wpcf7-form-control-wrap\" data-name=\"nan\"><input size=\"40\" maxlength=\"400\" class=\"wpcf7-form-control wpcf7-text\" aria-invalid=\"false\" value=\"\" type=\"text\" name=\"nan\" \/><\/span>\n<\/p>\n<p><label>Direcci\u00f3n<\/label><span class=\"wpcf7-form-control-wrap\" data-name=\"helbidea\"><input size=\"40\" maxlength=\"400\" class=\"wpcf7-form-control wpcf7-text wpcf7-validates-as-required\" aria-required=\"true\" aria-invalid=\"false\" value=\"\" type=\"text\" name=\"helbidea\" \/><\/span>\n<\/p>\n<p class=\"half\"><label>C.P.<\/label><span class=\"wpcf7-form-control-wrap\" data-name=\"kp\"><input size=\"40\" maxlength=\"400\" class=\"wpcf7-form-control wpcf7-text wpcf7-validates-as-required\" aria-required=\"true\" aria-invalid=\"false\" value=\"\" type=\"text\" name=\"kp\" \/><\/span>\n<\/p>\n<p class=\"half right\"><label>Localidad<\/label><span class=\"wpcf7-form-control-wrap\" data-name=\"herria\"><input size=\"40\" maxlength=\"400\" class=\"wpcf7-form-control wpcf7-text wpcf7-validates-as-required\" aria-required=\"true\" aria-invalid=\"false\" value=\"\" type=\"text\" name=\"herria\" \/><\/span>\n<\/p>\n<p class=\"half\"><label>Tel\u00e9fono<\/label><span class=\"wpcf7-form-control-wrap\" data-name=\"telefonoa\"><input size=\"40\" maxlength=\"400\" class=\"wpcf7-form-control wpcf7-text wpcf7-validates-as-required\" aria-required=\"true\" aria-invalid=\"false\" value=\"\" type=\"text\" name=\"telefonoa\" \/><\/span>\n<\/p>\n<p class=\"half right\"><label>M\u00f3vil<\/label><span class=\"wpcf7-form-control-wrap\" data-name=\"mugikorra\"><input size=\"40\" maxlength=\"400\" class=\"wpcf7-form-control wpcf7-text wpcf7-validates-as-required\" aria-required=\"true\" aria-invalid=\"false\" value=\"\" type=\"text\" name=\"mugikorra\" \/><\/span>\n<\/p>\n<p><label>E-mail <\/label><span class=\"wpcf7-form-control-wrap\" data-name=\"eposta\"><input size=\"40\" maxlength=\"400\" class=\"wpcf7-form-control wpcf7-email wpcf7-validates-as-required wpcf7-text wpcf7-validates-as-email\" aria-required=\"true\" aria-invalid=\"false\" value=\"\" type=\"email\" name=\"eposta\" \/><\/span>\n<\/p>\n<p><label>Sexo<\/label><span class=\"wpcf7-form-control-wrap\" data-name=\"Sexo\"><span class=\"wpcf7-form-control wpcf7-radio\"><span class=\"wpcf7-list-item first\"><input type=\"radio\" name=\"Sexo\" value=\"Mujer\" \/><span class=\"wpcf7-list-item-label\">Mujer<\/span><\/span><span class=\"wpcf7-list-item last\"><input type=\"radio\" name=\"Sexo\" value=\"Hombre\" \/><span class=\"wpcf7-list-item-label\">Hombre<\/span><\/span><\/span><\/span>\n<\/p>\n<p><label>\u00bfC\u00f3mo quiere recibir la informaci\u00f3n?<\/label><span class=\"wpcf7-form-control-wrap\" data-name=\"hizkuntza\"><span class=\"wpcf7-form-control wpcf7-radio\"><span class=\"wpcf7-list-item first\"><input type=\"radio\" name=\"hizkuntza\" value=\"Euskaraz\" \/><span class=\"wpcf7-list-item-label\">Euskaraz<\/span><\/span><span class=\"wpcf7-list-item last\"><input type=\"radio\" name=\"hizkuntza\" value=\"Biling\u00fce\" \/><span class=\"wpcf7-list-item-label\">Biling\u00fce<\/span><\/span><\/span><\/span>\n<\/p>\n<p class=\"accept\"><span class=\"wpcf7-form-control-wrap\" data-name=\"acceptance-421\"><span class=\"wpcf7-form-control wpcf7-acceptance\"><span class=\"wpcf7-list-item\"><input type=\"checkbox\" name=\"acceptance-421\" value=\"1\" aria-invalid=\"false\" \/><\/span><\/span><\/span> Consiento expresamente el tratamiento de los datos de car\u00e1cter personal recogidos en la instancia para todos aquellos asuntos que se deriven de la condici\u00f3n de ser socio\/a de Bastero\n<\/p>\n<p><input class=\"wpcf7-form-control wpcf7-submit has-spinner\" type=\"submit\" value=\"Enviar\" \/>\n<\/p><div class=\"wpcf7-response-output\" aria-hidden=\"true\"><\/div>\n<\/form>\n<\/div>\n[\/et_pb_code][\/et_pb_column][et_pb_column type=\u00bb2_5&#8243; _builder_version=\u00bb4.16&#8243; custom_padding=\u00bb|||\u00bb global_colors_info=\u00bb{}\u00bb custom_padding__hover=\u00bb|||\u00bb][et_pb_text _builder_version=\u00bb4.16&#8243; _module_preset=\u00bbdefault\u00bb global_colors_info=\u00bb{}\u00bb]<\/p>\n<h3>\u00bfC\u00f3mo hacerse socia\/o?<\/h3>\n<ol>\n<li>Rellenar y enviar el formulario<\/li>\n<li>Contactaremos contigo para que nos indiques el n\u00famero de cuenta desde el que se pasar\u00e1 la cuota anual.<\/li>\n<li>La tarjeta puede enviarse a casa o retirarse en las oficinas de Bastero Kulturgunea, seg\u00fan se solicite<\/li>\n<\/ol>\n<p>[\/et_pb_text][\/et_pb_column][\/et_pb_row][\/et_pb_section]<\/p>\n","protected":false},"excerpt":{"rendered":"<p>Solicitud de alta de socia\/o\n<div class=\"wpcf7 no-js\" id=\"wpcf7-f5291-o2\" lang=\"es-ES\" dir=\"ltr\" data-wpcf7-id=\"5291\">\n<div class=\"screen-reader-response\"><p role=\"status\" aria-live=\"polite\" aria-atomic=\"true\"><\/p> <ul><\/ul><\/div>\n<form action=\"\/es\/wp-json\/wp\/v2\/pages\/1346#wpcf7-f5291-o2\" method=\"post\" class=\"wpcf7-form init\" aria-label=\"Formulario de contacto\" novalidate=\"novalidate\" data-status=\"init\">\n<fieldset class=\"hidden-fields-container\"><input type=\"hidden\" name=\"_wpcf7\" value=\"5291\" \/><input type=\"hidden\" name=\"_wpcf7_version\" value=\"6.1.4\" \/><input type=\"hidden\" name=\"_wpcf7_locale\" value=\"es_ES\" \/><input type=\"hidden\" name=\"_wpcf7_unit_tag\" value=\"wpcf7-f5291-o2\" \/><input type=\"hidden\" name=\"_wpcf7_container_post\" value=\"0\" \/><input type=\"hidden\" name=\"_wpcf7_posted_data_hash\" value=\"\" \/><input type=\"hidden\" name=\"_wpcf7_recaptcha_response\" value=\"\" \/>\n<\/fieldset>\n<p><label>Nombre y apellidos<\/label><span class=\"wpcf7-form-control-wrap\" data-name=\"izena\"><input size=\"40\" maxlength=\"400\" class=\"wpcf7-form-control wpcf7-text wpcf7-validates-as-required\" aria-required=\"true\" aria-invalid=\"false\" value=\"\" type=\"text\" name=\"izena\" \/><\/span>\n<\/p>\n<p class=\"half\"><label>Fecha nacimiento<\/label><span class=\"wpcf7-form-control-wrap\" data-name=\"date\"><input class=\"wpcf7-form-control wpcf7-date wpcf7-validates-as-date\" aria-invalid=\"false\" value=\"\" type=\"date\" name=\"date\" \/><\/span>\n<\/p>\n<p class=\"half right\"><label>DNI<\/label><span class=\"wpcf7-form-control-wrap\" data-name=\"nan\"><input size=\"40\" maxlength=\"400\" class=\"wpcf7-form-control wpcf7-text\" aria-invalid=\"false\" value=\"\" type=\"text\" name=\"nan\" \/><\/span>\n<\/p>\n<p><label>Direcci\u00f3n<\/label><span class=\"wpcf7-form-control-wrap\" data-name=\"helbidea\"><input size=\"40\" maxlength=\"400\" class=\"wpcf7-form-control wpcf7-text wpcf7-validates-as-required\" aria-required=\"true\" aria-invalid=\"false\" value=\"\" type=\"text\" name=\"helbidea\" \/><\/span>\n<\/p>\n<p class=\"half\"><label>C.P.<\/label><span class=\"wpcf7-form-control-wrap\" data-name=\"kp\"><input size=\"40\" maxlength=\"400\" class=\"wpcf7-form-control wpcf7-text wpcf7-validates-as-required\" aria-required=\"true\" aria-invalid=\"false\" value=\"\" type=\"text\" name=\"kp\" \/><\/span>\n<\/p>\n<p class=\"half right\"><label>Localidad<\/label><span class=\"wpcf7-form-control-wrap\" data-name=\"herria\"><input size=\"40\" maxlength=\"400\" class=\"wpcf7-form-control wpcf7-text wpcf7-validates-as-required\" aria-required=\"true\" aria-invalid=\"false\" value=\"\" type=\"text\" name=\"herria\" \/><\/span>\n<\/p>\n<p class=\"half\"><label>Tel\u00e9fono<\/label><span class=\"wpcf7-form-control-wrap\" data-name=\"telefonoa\"><input size=\"40\" maxlength=\"400\" class=\"wpcf7-form-control wpcf7-text wpcf7-validates-as-required\" aria-required=\"true\" aria-invalid=\"false\" value=\"\" type=\"text\" name=\"telefonoa\" \/><\/span>\n<\/p>\n<p class=\"half right\"><label>M\u00f3vil<\/label><span class=\"wpcf7-form-control-wrap\" data-name=\"mugikorra\"><input size=\"40\" maxlength=\"400\" class=\"wpcf7-form-control wpcf7-text wpcf7-validates-as-required\" aria-required=\"true\" aria-invalid=\"false\" value=\"\" type=\"text\" name=\"mugikorra\" \/><\/span>\n<\/p>\n<p><label>E-mail <\/label><span class=\"wpcf7-form-control-wrap\" data-name=\"eposta\"><input size=\"40\" maxlength=\"400\" class=\"wpcf7-form-control wpcf7-email wpcf7-validates-as-required wpcf7-text wpcf7-validates-as-email\" aria-required=\"true\" aria-invalid=\"false\" value=\"\" type=\"email\" name=\"eposta\" \/><\/span>\n<\/p>\n<p><label>Sexo<\/label><span class=\"wpcf7-form-control-wrap\" data-name=\"Sexo\"><span class=\"wpcf7-form-control wpcf7-radio\"><span class=\"wpcf7-list-item first\"><input type=\"radio\" name=\"Sexo\" value=\"Mujer\" \/><span class=\"wpcf7-list-item-label\">Mujer<\/span><\/span><span class=\"wpcf7-list-item last\"><input type=\"radio\" name=\"Sexo\" value=\"Hombre\" \/><span class=\"wpcf7-list-item-label\">Hombre<\/span><\/span><\/span><\/span>\n<\/p>\n<p><label>\u00bfC\u00f3mo quiere recibir la informaci\u00f3n?<\/label><span class=\"wpcf7-form-control-wrap\" data-name=\"hizkuntza\"><span class=\"wpcf7-form-control wpcf7-radio\"><span class=\"wpcf7-list-item first\"><input type=\"radio\" name=\"hizkuntza\" value=\"Euskaraz\" \/><span class=\"wpcf7-list-item-label\">Euskaraz<\/span><\/span><span class=\"wpcf7-list-item last\"><input type=\"radio\" name=\"hizkuntza\" value=\"Biling\u00fce\" \/><span class=\"wpcf7-list-item-label\">Biling\u00fce<\/span><\/span><\/span><\/span>\n<\/p>\n<p class=\"accept\"><span class=\"wpcf7-form-control-wrap\" data-name=\"acceptance-421\"><span class=\"wpcf7-form-control wpcf7-acceptance\"><span class=\"wpcf7-list-item\"><input type=\"checkbox\" name=\"acceptance-421\" value=\"1\" aria-invalid=\"false\" \/><\/span><\/span><\/span> Consiento expresamente el tratamiento de los datos de car\u00e1cter personal recogidos en la instancia para todos aquellos asuntos que se deriven de la condici\u00f3n de ser socio\/a de Bastero\n<\/p>\n<p><input class=\"wpcf7-form-control wpcf7-submit has-spinner\" type=\"submit\" value=\"Enviar\" \/>\n<\/p><div class=\"wpcf7-response-output\" aria-hidden=\"true\"><\/div>\n<\/form>\n<\/div>\n\u00bfC\u00f3mo hacerse socia\/o? Rellenar y enviar el formulario Contactaremos contigo para que nos indiques el n\u00famero de cuenta desde el que se pasar\u00e1 la cuota anual. La tarjeta puede enviarse a casa o retirarse en las oficinas de Bastero Kulturgunea, seg\u00fan se solicite<\/p>\n","protected":false},"author":1,"featured_media":0,"parent":585,"menu_order":0,"comment_status":"closed","ping_status":"closed","template":"","meta":{"_acf_changed":false,"_et_pb_use_builder":"on","_et_pb_old_content":"","_et_gb_content_width":"","footnotes":""},"class_list":["post-1346","page","type-page","status-publish","hentry"],"acf":[],"yoast_head":"<!-- This site is optimized with the Yoast SEO plugin v26.6 - https:\/\/yoast.com\/wordpress\/plugins\/seo\/ -->\n<title>Solicitud de alta de socio - Bastero<\/title>\n<meta name=\"robots\" content=\"index, follow, max-snippet:-1, max-image-preview:large, max-video-preview:-1\" \/>\n<link rel=\"canonical\" href=\"https:\/\/www.bastero.eus\/es\/socios\/solicitud-de-alta-de-socio\/\" \/>\n<meta property=\"og:locale\" content=\"es_ES\" \/>\n<meta property=\"og:type\" content=\"article\" \/>\n<meta property=\"og:title\" content=\"Solicitud de alta de socio - Bastero\" \/>\n<meta property=\"og:description\" content=\"Solicitud de alta de socia\/o\u00bfC\u00f3mo hacerse socia\/o? Rellenar y enviar el formulario Contactaremos contigo para que nos indiques el n\u00famero de cuenta desde el que se pasar\u00e1 la cuota anual. La tarjeta puede enviarse a casa o retirarse en las oficinas de Bastero Kulturgunea, seg\u00fan se solicite\" \/>\n<meta property=\"og:url\" content=\"https:\/\/www.bastero.eus\/es\/socios\/solicitud-de-alta-de-socio\/\" \/>\n<meta property=\"og:site_name\" content=\"Bastero\" \/>\n<meta property=\"article:publisher\" content=\"https:\/\/www.facebook.com\/BasteroAndoain\/\" \/>\n<meta property=\"article:modified_time\" content=\"2026-01-07T09:06:52+00:00\" \/>\n<meta name=\"twitter:card\" content=\"summary_large_image\" \/>\n<meta name=\"twitter:site\" content=\"@Bastero_Andoain\" \/>\n<meta name=\"twitter:label1\" content=\"Tiempo de lectura\" \/>\n\t<meta name=\"twitter:data1\" content=\"1 minuto\" \/>\n<script type=\"application\/ld+json\" class=\"yoast-schema-graph\">{\"@context\":\"https:\/\/schema.org\",\"@graph\":[{\"@type\":\"WebPage\",\"@id\":\"https:\/\/www.bastero.eus\/es\/socios\/solicitud-de-alta-de-socio\/\",\"url\":\"https:\/\/www.bastero.eus\/es\/socios\/solicitud-de-alta-de-socio\/\",\"name\":\"Solicitud de alta de socio - Bastero\",\"isPartOf\":{\"@id\":\"https:\/\/www.bastero.eus\/eu\/#website\"},\"datePublished\":\"2018-11-29T09:11:57+00:00\",\"dateModified\":\"2026-01-07T09:06:52+00:00\",\"breadcrumb\":{\"@id\":\"https:\/\/www.bastero.eus\/es\/socios\/solicitud-de-alta-de-socio\/#breadcrumb\"},\"inLanguage\":\"es\",\"potentialAction\":[{\"@type\":\"ReadAction\",\"target\":[\"https:\/\/www.bastero.eus\/es\/socios\/solicitud-de-alta-de-socio\/\"]}]},{\"@type\":\"BreadcrumbList\",\"@id\":\"https:\/\/www.bastero.eus\/es\/socios\/solicitud-de-alta-de-socio\/#breadcrumb\",\"itemListElement\":[{\"@type\":\"ListItem\",\"position\":1,\"name\":\"Portada\",\"item\":\"https:\/\/www.bastero.eus\/es\/\"},{\"@type\":\"ListItem\",\"position\":2,\"name\":\"Socios\/as\",\"item\":\"https:\/\/www.bastero.eus\/es\/socios\/\"},{\"@type\":\"ListItem\",\"position\":3,\"name\":\"Solicitud de alta de socio\"}]},{\"@type\":\"WebSite\",\"@id\":\"https:\/\/www.bastero.eus\/eu\/#website\",\"url\":\"https:\/\/www.bastero.eus\/eu\/\",\"name\":\"Bastero Kulturgunea\",\"description\":\"Andoaingo kultur gunea\",\"publisher\":{\"@id\":\"https:\/\/www.bastero.eus\/eu\/#organization\"},\"potentialAction\":[{\"@type\":\"SearchAction\",\"target\":{\"@type\":\"EntryPoint\",\"urlTemplate\":\"https:\/\/www.bastero.eus\/eu\/?s={search_term_string}\"},\"query-input\":{\"@type\":\"PropertyValueSpecification\",\"valueRequired\":true,\"valueName\":\"search_term_string\"}}],\"inLanguage\":\"es\"},{\"@type\":\"Organization\",\"@id\":\"https:\/\/www.bastero.eus\/eu\/#organization\",\"name\":\"Bastero Kulturgunea\",\"url\":\"https:\/\/www.bastero.eus\/eu\/\",\"logo\":{\"@type\":\"ImageObject\",\"inLanguage\":\"es\",\"@id\":\"https:\/\/www.bastero.eus\/eu\/#\/schema\/logo\/image\/\",\"url\":\"https:\/\/www.bastero.eus\/wp-content\/uploads\/2017\/10\/bastero.jpg\",\"contentUrl\":\"https:\/\/www.bastero.eus\/wp-content\/uploads\/2017\/10\/bastero.jpg\",\"width\":350,\"height\":278,\"caption\":\"Bastero Kulturgunea\"},\"image\":{\"@id\":\"https:\/\/www.bastero.eus\/eu\/#\/schema\/logo\/image\/\"},\"sameAs\":[\"https:\/\/www.facebook.com\/BasteroAndoain\/\",\"https:\/\/x.com\/Bastero_Andoain\"]}]}<\/script>\n<!-- \/ Yoast SEO plugin. -->","yoast_head_json":{"title":"Solicitud de alta de socio - Bastero","robots":{"index":"index","follow":"follow","max-snippet":"max-snippet:-1","max-image-preview":"max-image-preview:large","max-video-preview":"max-video-preview:-1"},"canonical":"https:\/\/www.bastero.eus\/es\/socios\/solicitud-de-alta-de-socio\/","og_locale":"es_ES","og_type":"article","og_title":"Solicitud de alta de socio - Bastero","og_description":"Solicitud de alta de socia\/o\u00bfC\u00f3mo hacerse socia\/o? Rellenar y enviar el formulario Contactaremos contigo para que nos indiques el n\u00famero de cuenta desde el que se pasar\u00e1 la cuota anual. La tarjeta puede enviarse a casa o retirarse en las oficinas de Bastero Kulturgunea, seg\u00fan se solicite","og_url":"https:\/\/www.bastero.eus\/es\/socios\/solicitud-de-alta-de-socio\/","og_site_name":"Bastero","article_publisher":"https:\/\/www.facebook.com\/BasteroAndoain\/","article_modified_time":"2026-01-07T09:06:52+00:00","twitter_card":"summary_large_image","twitter_site":"@Bastero_Andoain","twitter_misc":{"Tiempo de lectura":"1 minuto"},"schema":{"@context":"https:\/\/schema.org","@graph":[{"@type":"WebPage","@id":"https:\/\/www.bastero.eus\/es\/socios\/solicitud-de-alta-de-socio\/","url":"https:\/\/www.bastero.eus\/es\/socios\/solicitud-de-alta-de-socio\/","name":"Solicitud de alta de socio - Bastero","isPartOf":{"@id":"https:\/\/www.bastero.eus\/eu\/#website"},"datePublished":"2018-11-29T09:11:57+00:00","dateModified":"2026-01-07T09:06:52+00:00","breadcrumb":{"@id":"https:\/\/www.bastero.eus\/es\/socios\/solicitud-de-alta-de-socio\/#breadcrumb"},"inLanguage":"es","potentialAction":[{"@type":"ReadAction","target":["https:\/\/www.bastero.eus\/es\/socios\/solicitud-de-alta-de-socio\/"]}]},{"@type":"BreadcrumbList","@id":"https:\/\/www.bastero.eus\/es\/socios\/solicitud-de-alta-de-socio\/#breadcrumb","itemListElement":[{"@type":"ListItem","position":1,"name":"Portada","item":"https:\/\/www.bastero.eus\/es\/"},{"@type":"ListItem","position":2,"name":"Socios\/as","item":"https:\/\/www.bastero.eus\/es\/socios\/"},{"@type":"ListItem","position":3,"name":"Solicitud de alta de socio"}]},{"@type":"WebSite","@id":"https:\/\/www.bastero.eus\/eu\/#website","url":"https:\/\/www.bastero.eus\/eu\/","name":"Bastero Kulturgunea","description":"Andoaingo kultur gunea","publisher":{"@id":"https:\/\/www.bastero.eus\/eu\/#organization"},"potentialAction":[{"@type":"SearchAction","target":{"@type":"EntryPoint","urlTemplate":"https:\/\/www.bastero.eus\/eu\/?s={search_term_string}"},"query-input":{"@type":"PropertyValueSpecification","valueRequired":true,"valueName":"search_term_string"}}],"inLanguage":"es"},{"@type":"Organization","@id":"https:\/\/www.bastero.eus\/eu\/#organization","name":"Bastero Kulturgunea","url":"https:\/\/www.bastero.eus\/eu\/","logo":{"@type":"ImageObject","inLanguage":"es","@id":"https:\/\/www.bastero.eus\/eu\/#\/schema\/logo\/image\/","url":"https:\/\/www.bastero.eus\/wp-content\/uploads\/2017\/10\/bastero.jpg","contentUrl":"https:\/\/www.bastero.eus\/wp-content\/uploads\/2017\/10\/bastero.jpg","width":350,"height":278,"caption":"Bastero Kulturgunea"},"image":{"@id":"https:\/\/www.bastero.eus\/eu\/#\/schema\/logo\/image\/"},"sameAs":["https:\/\/www.facebook.com\/BasteroAndoain\/","https:\/\/x.com\/Bastero_Andoain"]}]}},"_links":{"self":[{"href":"https:\/\/www.bastero.eus\/es\/wp-json\/wp\/v2\/pages\/1346","targetHints":{"allow":["GET"]}}],"collection":[{"href":"https:\/\/www.bastero.eus\/es\/wp-json\/wp\/v2\/pages"}],"about":[{"href":"https:\/\/www.bastero.eus\/es\/wp-json\/wp\/v2\/types\/page"}],"author":[{"embeddable":true,"href":"https:\/\/www.bastero.eus\/es\/wp-json\/wp\/v2\/users\/1"}],"replies":[{"embeddable":true,"href":"https:\/\/www.bastero.eus\/es\/wp-json\/wp\/v2\/comments?post=1346"}],"version-history":[{"count":7,"href":"https:\/\/www.bastero.eus\/es\/wp-json\/wp\/v2\/pages\/1346\/revisions"}],"predecessor-version":[{"id":14402,"href":"https:\/\/www.bastero.eus\/es\/wp-json\/wp\/v2\/pages\/1346\/revisions\/14402"}],"up":[{"embeddable":true,"href":"https:\/\/www.bastero.eus\/es\/wp-json\/wp\/v2\/pages\/585"}],"wp:attachment":[{"href":"https:\/\/www.bastero.eus\/es\/wp-json\/wp\/v2\/media?parent=1346"}],"curies":[{"name":"wp","href":"https:\/\/api.w.org\/{rel}","templated":true}]}}